{"id":844,"date":"2017-01-27T14:07:03","date_gmt":"2017-01-27T14:07:03","guid":{"rendered":"https:\/\/porandakaitse.ee\/kliendid-ja-partnerid-2\/"},"modified":"2020-05-15T13:53:31","modified_gmt":"2020-05-15T13:53:31","slug":"%d0%ba%d0%bb%d0%b8%d0%b5%d0%bd%d1%82%d1%8b-%d0%b8-%d0%bf%d0%b0%d1%80%d1%82%d0%bd%d0%b5%d1%80%d1%8b","status":"publish","type":"page","link":"https:\/\/porandakaitse.ee\/ru\/%d0%ba%d0%bb%d0%b8%d0%b5%d0%bd%d1%82%d1%8b-%d0%b8-%d0%bf%d0%b0%d1%80%d1%82%d0%bd%d0%b5%d1%80%d1%8b\/","title":{"rendered":"\u041a\u043b\u0438\u0435\u043d\u0442\u044b \u0438 \u043f\u0430\u0440\u0442\u043d\u0435\u0440\u044b"},"content":{"rendered":"<p><img loading=\"lazy\" decoding=\"async\" class=\"alignnone size-full wp-image-819\" src=\"https:\/\/porandakaitse.ee\/wp-content\/uploads\/kliendid-ja-partnerid.jpg\" alt=\"Kliendid ja partnerid\" width=\"1090\" height=\"300\" srcset=\"https:\/\/porandakaitse.ee\/wp-content\/uploads\/kliendid-ja-partnerid.jpg 1090w, https:\/\/porandakaitse.ee\/wp-content\/uploads\/kliendid-ja-partnerid-300x82.jpg 300w, https:\/\/porandakaitse.ee\/wp-content\/uploads\/kliendid-ja-partnerid-1024x281.jpg 1024w, https:\/\/porandakaitse.ee\/wp-content\/uploads\/kliendid-ja-partnerid-250x68.jpg 250w, https:\/\/porandakaitse.ee\/wp-content\/uploads\/kliendid-ja-partnerid-150x41.jpg 150w\" sizes=\"auto, (max-width: 1090px) 100vw, 1090px\" \/><\/p>\n<div class=\"wpcmsdev-columns\">\n<div class=\"column column-width-one-half\">\n<h3>\u041a\u043b\u0438\u0435\u043d\u0442\u044b:<\/h3>\n<ul>\n<li>Ako Eesti O\u00dc<\/li>\n<li>CALAMARIS O\u00dc<\/li>\n<li>Eesti Kunstiakadeemia ja Eesti Muusika- ja Teatriakadeemia \u00fchiselamu<\/li>\n<li>Glamox HE AS<\/li>\n<li>Nurme Turvas AS<\/li>\n<li>P\u00e4rnu v\u00e4ikeloomakliinik<\/li>\n<li>Reiden AS<\/li>\n<li>Selver AS<\/li>\n<li>P\u00e4rnu \u00dclej\u00f5e lasteaed<\/li>\n<li>Haldja Hambaravi O\u00dc<\/li>\n<li>Tallinna Lasteaed Sinilind<\/li>\n<li>Estonian Business School<\/li>\n<li>Rakvere Spordikeskus<\/li>\n<li>P\u00e4rnu T\u00e4iskasvanute G\u00fcmnaasium<\/li>\n<li>Ceramic O\u00dc proteesilabor<\/li>\n<li>Unimed Kliinikud O\u00dc<\/li>\n<li>L\u00f5una-Eesti Kliinik O\u00dc<\/li>\n<li>USIN-TR O\u00dc<\/li>\n<li>Tallinna Tammet\u00f5ru lasteaed<\/li>\n<li>GO Property AS<\/li>\n<li>P\u00e4rnu Rannastaadion<\/li>\n<li>AS Reideni Plaat<\/li>\n<li>Erdike Tekstiil O\u00dc<\/li>\n<li>Meriv\u00e4lja Kool<\/li>\n<li>Karksi-Nuia Lasteaed<\/li>\n<li>Rakvere Ametikool<\/li>\n<li>Hansa Hambakliinik O\u00dc<\/li>\n<li>K3 Hambaravi O\u00dc<\/li>\n<\/ul>\n<\/div>\n<div class=\"column column-width-one-half\">\n<h3>\u041d\u0430\u0448\u0438 \u043f\u0430\u0440\u0442\u043d\u0435\u0440\u044b:<\/h3>\n<ul>\n<li>A.H. Trading O\u00dc<\/li>\n<li>Dr. Schutz Finland<\/li>\n<li>KNT Meediad O\u00dc<\/li>\n<li>MopMan O\u00dc<\/li>\n<li>Tekero O\u00dc<\/li>\n<\/ul>\n<\/div>\n<\/div>\n<h3>\u041d\u0430\u0448\u0438\u0445 \u043f\u0440\u043e\u0434\u0443\u043a\u0442\u043e\u0432 \u043e\u0434\u043e\u0431\u0440\u044f\u044e\u0442:<\/h3>\n<p><img loading=\"lazy\" decoding=\"async\" class=\"alignnone size-full wp-image-840\" src=\"https:\/\/porandakaitse.ee\/wp-content\/uploads\/logod.jpg\" alt=\"logod\" width=\"1090\" height=\"430\" srcset=\"https:\/\/porandakaitse.ee\/wp-content\/uploads\/logod.jpg 1090w, https:\/\/porandakaitse.ee\/wp-content\/uploads\/logod-300x118.jpg 300w, https:\/\/porandakaitse.ee\/wp-content\/uploads\/logod-1024x403.jpg 1024w, https:\/\/porandakaitse.ee\/wp-content\/uploads\/logod-250x98.jpg 250w, https:\/\/porandakaitse.ee\/wp-content\/uploads\/logod-150x59.jpg 150w\" sizes=\"auto, (max-width: 1090px) 100vw, 1090px\" \/><\/p>\n","protected":false},"excerpt":{"rendered":"<p>\u041d\u0430\u0448\u0438\u0445 \u043f\u0440\u043e\u0434\u0443\u043a\u0442\u043e\u0432 \u043e\u0434\u043e\u0431\u0440\u044f\u044e\u0442:<\/p>\n<p class=\"continue-reading-button\"> <a class=\"continue-reading-link\" href=\"https:\/\/porandakaitse.ee\/ru\/%d0%ba%d0%bb%d0%b8%d0%b5%d0%bd%d1%82%d1%8b-%d0%b8-%d0%bf%d0%b0%d1%80%d1%82%d0%bd%d0%b5%d1%80%d1%8b\/\">Continue reading<i class=\"crycon-right-dir\"><\/i><\/a><\/p>\n","protected":false},"author":1,"featured_media":0,"parent":0,"menu_order":0,"comment_status":"closed","ping_status":"closed","template":"","meta":{"sfsi_plus_gutenberg_text_before_share":"","sfsi_plus_gutenberg_show_text_before_share":"","sfsi_plus_gutenberg_icon_type":"","sfsi_plus_gutenberg_icon_alignemt":"","sfsi_plus_gutenburg_max_per_row":"","ngg_post_thumbnail":0,"footnotes":""},"class_list":["post-844","page","type-page","status-publish","hentry"],"yoast_head":"<!-- This site is optimized with the Yoast SEO plugin v25.0 - https:\/\/yoast.com\/wordpress\/plugins\/seo\/ -->\n<title>\u041a\u043b\u0438\u0435\u043d\u0442\u044b \u0438 \u043f\u0430\u0440\u0442\u043d\u0435\u0440\u044b - P\u00f5randakaitse<\/title>\n<meta name=\"description\" content=\"\u041a\u043b\u0438\u0435\u043d\u0442\u044b \u0438 \u043f\u0430\u0440\u0442\u043d\u0435\u0440\u044b\" \/>\n<meta name=\"robots\" content=\"index, follow, max-snippet:-1, max-image-preview:large, max-video-preview:-1\" \/>\n<link rel=\"canonical\" href=\"https:\/\/porandakaitse.ee\/ru\/\u043a\u043b\u0438\u0435\u043d\u0442\u044b-\u0438-\u043f\u0430\u0440\u0442\u043d\u0435\u0440\u044b\/\" \/>\n<meta property=\"og:locale\" content=\"ru_RU\" \/>\n<meta property=\"og:type\" content=\"article\" \/>\n<meta property=\"og:title\" content=\"\u041a\u043b\u0438\u0435\u043d\u0442\u044b \u0438 \u043f\u0430\u0440\u0442\u043d\u0435\u0440\u044b - P\u00f5randakaitse\" \/>\n<meta property=\"og:description\" content=\"\u041a\u043b\u0438\u0435\u043d\u0442\u044b \u0438 \u043f\u0430\u0440\u0442\u043d\u0435\u0440\u044b\" \/>\n<meta property=\"og:url\" content=\"https:\/\/porandakaitse.ee\/ru\/\u043a\u043b\u0438\u0435\u043d\u0442\u044b-\u0438-\u043f\u0430\u0440\u0442\u043d\u0435\u0440\u044b\/\" \/>\n<meta property=\"og:site_name\" content=\"P\u00f5randakaitse\" \/>\n<meta property=\"article:modified_time\" content=\"2020-05-15T13:53:31+00:00\" \/>\n<meta property=\"og:image\" content=\"https:\/\/porandakaitse.ee\/wp-content\/uploads\/kliendid-ja-partnerid.jpg\" \/>\n\t<meta property=\"og:image:width\" content=\"1090\" \/>\n\t<meta property=\"og:image:height\" content=\"300\" \/>\n\t<meta property=\"og:image:type\" content=\"image\/jpeg\" \/>\n<meta name=\"twitter:card\" content=\"summary_large_image\" \/>\n<meta name=\"twitter:label1\" content=\"\u041f\u0440\u0438\u043c\u0435\u0440\u043d\u043e\u0435 \u0432\u0440\u0435\u043c\u044f \u0434\u043b\u044f \u0447\u0442\u0435\u043d\u0438\u044f\" \/>\n\t<meta name=\"twitter:data1\" content=\"1 \u043c\u0438\u043d\u0443\u0442\u0430\" \/>\n<script type=\"application\/ld+json\" class=\"yoast-schema-graph\">{\"@context\":\"https:\/\/schema.org\",\"@graph\":[{\"@type\":\"WebPage\",\"@id\":\"https:\/\/porandakaitse.ee\/ru\/%d0%ba%d0%bb%d0%b8%d0%b5%d0%bd%d1%82%d1%8b-%d0%b8-%d0%bf%d0%b0%d1%80%d1%82%d0%bd%d0%b5%d1%80%d1%8b\/\",\"url\":\"https:\/\/porandakaitse.ee\/ru\/%d0%ba%d0%bb%d0%b8%d0%b5%d0%bd%d1%82%d1%8b-%d0%b8-%d0%bf%d0%b0%d1%80%d1%82%d0%bd%d0%b5%d1%80%d1%8b\/\",\"name\":\"\u041a\u043b\u0438\u0435\u043d\u0442\u044b \u0438 \u043f\u0430\u0440\u0442\u043d\u0435\u0440\u044b - P\u00f5randakaitse\",\"isPartOf\":{\"@id\":\"https:\/\/porandakaitse.ee\/#website\"},\"primaryImageOfPage\":{\"@id\":\"https:\/\/porandakaitse.ee\/ru\/%d0%ba%d0%bb%d0%b8%d0%b5%d0%bd%d1%82%d1%8b-%d0%b8-%d0%bf%d0%b0%d1%80%d1%82%d0%bd%d0%b5%d1%80%d1%8b\/#primaryimage\"},\"image\":{\"@id\":\"https:\/\/porandakaitse.ee\/ru\/%d0%ba%d0%bb%d0%b8%d0%b5%d0%bd%d1%82%d1%8b-%d0%b8-%d0%bf%d0%b0%d1%80%d1%82%d0%bd%d0%b5%d1%80%d1%8b\/#primaryimage\"},\"thumbnailUrl\":\"https:\/\/porandakaitse.ee\/wp-content\/uploads\/kliendid-ja-partnerid.jpg\",\"datePublished\":\"2017-01-27T14:07:03+00:00\",\"dateModified\":\"2020-05-15T13:53:31+00:00\",\"description\":\"\u041a\u043b\u0438\u0435\u043d\u0442\u044b \u0438 \u043f\u0430\u0440\u0442\u043d\u0435\u0440\u044b\",\"breadcrumb\":{\"@id\":\"https:\/\/porandakaitse.ee\/ru\/%d0%ba%d0%bb%d0%b8%d0%b5%d0%bd%d1%82%d1%8b-%d0%b8-%d0%bf%d0%b0%d1%80%d1%82%d0%bd%d0%b5%d1%80%d1%8b\/#breadcrumb\"},\"inLanguage\":\"ru-RU\",\"potentialAction\":[{\"@type\":\"ReadAction\",\"target\":[\"https:\/\/porandakaitse.ee\/ru\/%d0%ba%d0%bb%d0%b8%d0%b5%d0%bd%d1%82%d1%8b-%d0%b8-%d0%bf%d0%b0%d1%80%d1%82%d0%bd%d0%b5%d1%80%d1%8b\/\"]}]},{\"@type\":\"ImageObject\",\"inLanguage\":\"ru-RU\",\"@id\":\"https:\/\/porandakaitse.ee\/ru\/%d0%ba%d0%bb%d0%b8%d0%b5%d0%bd%d1%82%d1%8b-%d0%b8-%d0%bf%d0%b0%d1%80%d1%82%d0%bd%d0%b5%d1%80%d1%8b\/#primaryimage\",\"url\":\"https:\/\/porandakaitse.ee\/wp-content\/uploads\/kliendid-ja-partnerid.jpg\",\"contentUrl\":\"https:\/\/porandakaitse.ee\/wp-content\/uploads\/kliendid-ja-partnerid.jpg\"},{\"@type\":\"BreadcrumbList\",\"@id\":\"https:\/\/porandakaitse.ee\/ru\/%d0%ba%d0%bb%d0%b8%d0%b5%d0%bd%d1%82%d1%8b-%d0%b8-%d0%bf%d0%b0%d1%80%d1%82%d0%bd%d0%b5%d1%80%d1%8b\/#breadcrumb\",\"itemListElement\":[{\"@type\":\"ListItem\",\"position\":1,\"name\":\"Home\",\"item\":\"https:\/\/porandakaitse.ee\/ru\/\"},{\"@type\":\"ListItem\",\"position\":2,\"name\":\"\u041a\u043b\u0438\u0435\u043d\u0442\u044b \u0438 \u043f\u0430\u0440\u0442\u043d\u0435\u0440\u044b\"}]},{\"@type\":\"WebSite\",\"@id\":\"https:\/\/porandakaitse.ee\/#website\",\"url\":\"https:\/\/porandakaitse.ee\/\",\"name\":\"P\u00f5randakaitse\",\"description\":\"\",\"potentialAction\":[{\"@type\":\"SearchAction\",\"target\":{\"@type\":\"EntryPoint\",\"urlTemplate\":\"https:\/\/porandakaitse.ee\/?s={search_term_string}\"},\"query-input\":{\"@type\":\"PropertyValueSpecification\",\"valueRequired\":true,\"valueName\":\"search_term_string\"}}],\"inLanguage\":\"ru-RU\"}]}<\/script>\n<!-- \/ Yoast SEO plugin. -->","yoast_head_json":{"title":"\u041a\u043b\u0438\u0435\u043d\u0442\u044b \u0438 \u043f\u0430\u0440\u0442\u043d\u0435\u0440\u044b - P\u00f5randakaitse","description":"\u041a\u043b\u0438\u0435\u043d\u0442\u044b \u0438 \u043f\u0430\u0440\u0442\u043d\u0435\u0440\u044b","robots":{"index":"index","follow":"follow","max-snippet":"max-snippet:-1","max-image-preview":"max-image-preview:large","max-video-preview":"max-video-preview:-1"},"canonical":"https:\/\/porandakaitse.ee\/ru\/\u043a\u043b\u0438\u0435\u043d\u0442\u044b-\u0438-\u043f\u0430\u0440\u0442\u043d\u0435\u0440\u044b\/","og_locale":"ru_RU","og_type":"article","og_title":"\u041a\u043b\u0438\u0435\u043d\u0442\u044b \u0438 \u043f\u0430\u0440\u0442\u043d\u0435\u0440\u044b - P\u00f5randakaitse","og_description":"\u041a\u043b\u0438\u0435\u043d\u0442\u044b \u0438 \u043f\u0430\u0440\u0442\u043d\u0435\u0440\u044b","og_url":"https:\/\/porandakaitse.ee\/ru\/\u043a\u043b\u0438\u0435\u043d\u0442\u044b-\u0438-\u043f\u0430\u0440\u0442\u043d\u0435\u0440\u044b\/","og_site_name":"P\u00f5randakaitse","article_modified_time":"2020-05-15T13:53:31+00:00","og_image":[{"width":1090,"height":300,"url":"https:\/\/porandakaitse.ee\/wp-content\/uploads\/kliendid-ja-partnerid.jpg","type":"image\/jpeg"}],"twitter_card":"summary_large_image","twitter_misc":{"\u041f\u0440\u0438\u043c\u0435\u0440\u043d\u043e\u0435 \u0432\u0440\u0435\u043c\u044f \u0434\u043b\u044f \u0447\u0442\u0435\u043d\u0438\u044f":"1 \u043c\u0438\u043d\u0443\u0442\u0430"},"schema":{"@context":"https:\/\/schema.org","@graph":[{"@type":"WebPage","@id":"https:\/\/porandakaitse.ee\/ru\/%d0%ba%d0%bb%d0%b8%d0%b5%d0%bd%d1%82%d1%8b-%d0%b8-%d0%bf%d0%b0%d1%80%d1%82%d0%bd%d0%b5%d1%80%d1%8b\/","url":"https:\/\/porandakaitse.ee\/ru\/%d0%ba%d0%bb%d0%b8%d0%b5%d0%bd%d1%82%d1%8b-%d0%b8-%d0%bf%d0%b0%d1%80%d1%82%d0%bd%d0%b5%d1%80%d1%8b\/","name":"\u041a\u043b\u0438\u0435\u043d\u0442\u044b \u0438 \u043f\u0430\u0440\u0442\u043d\u0435\u0440\u044b - P\u00f5randakaitse","isPartOf":{"@id":"https:\/\/porandakaitse.ee\/#website"},"primaryImageOfPage":{"@id":"https:\/\/porandakaitse.ee\/ru\/%d0%ba%d0%bb%d0%b8%d0%b5%d0%bd%d1%82%d1%8b-%d0%b8-%d0%bf%d0%b0%d1%80%d1%82%d0%bd%d0%b5%d1%80%d1%8b\/#primaryimage"},"image":{"@id":"https:\/\/porandakaitse.ee\/ru\/%d0%ba%d0%bb%d0%b8%d0%b5%d0%bd%d1%82%d1%8b-%d0%b8-%d0%bf%d0%b0%d1%80%d1%82%d0%bd%d0%b5%d1%80%d1%8b\/#primaryimage"},"thumbnailUrl":"https:\/\/porandakaitse.ee\/wp-content\/uploads\/kliendid-ja-partnerid.jpg","datePublished":"2017-01-27T14:07:03+00:00","dateModified":"2020-05-15T13:53:31+00:00","description":"\u041a\u043b\u0438\u0435\u043d\u0442\u044b \u0438 \u043f\u0430\u0440\u0442\u043d\u0435\u0440\u044b","breadcrumb":{"@id":"https:\/\/porandakaitse.ee\/ru\/%d0%ba%d0%bb%d0%b8%d0%b5%d0%bd%d1%82%d1%8b-%d0%b8-%d0%bf%d0%b0%d1%80%d1%82%d0%bd%d0%b5%d1%80%d1%8b\/#breadcrumb"},"inLanguage":"ru-RU","potentialAction":[{"@type":"ReadAction","target":["https:\/\/porandakaitse.ee\/ru\/%d0%ba%d0%bb%d0%b8%d0%b5%d0%bd%d1%82%d1%8b-%d0%b8-%d0%bf%d0%b0%d1%80%d1%82%d0%bd%d0%b5%d1%80%d1%8b\/"]}]},{"@type":"ImageObject","inLanguage":"ru-RU","@id":"https:\/\/porandakaitse.ee\/ru\/%d0%ba%d0%bb%d0%b8%d0%b5%d0%bd%d1%82%d1%8b-%d0%b8-%d0%bf%d0%b0%d1%80%d1%82%d0%bd%d0%b5%d1%80%d1%8b\/#primaryimage","url":"https:\/\/porandakaitse.ee\/wp-content\/uploads\/kliendid-ja-partnerid.jpg","contentUrl":"https:\/\/porandakaitse.ee\/wp-content\/uploads\/kliendid-ja-partnerid.jpg"},{"@type":"BreadcrumbList","@id":"https:\/\/porandakaitse.ee\/ru\/%d0%ba%d0%bb%d0%b8%d0%b5%d0%bd%d1%82%d1%8b-%d0%b8-%d0%bf%d0%b0%d1%80%d1%82%d0%bd%d0%b5%d1%80%d1%8b\/#breadcrumb","itemListElement":[{"@type":"ListItem","position":1,"name":"Home","item":"https:\/\/porandakaitse.ee\/ru\/"},{"@type":"ListItem","position":2,"name":"\u041a\u043b\u0438\u0435\u043d\u0442\u044b \u0438 \u043f\u0430\u0440\u0442\u043d\u0435\u0440\u044b"}]},{"@type":"WebSite","@id":"https:\/\/porandakaitse.ee\/#website","url":"https:\/\/porandakaitse.ee\/","name":"P\u00f5randakaitse","description":"","potentialAction":[{"@type":"SearchAction","target":{"@type":"EntryPoint","urlTemplate":"https:\/\/porandakaitse.ee\/?s={search_term_string}"},"query-input":{"@type":"PropertyValueSpecification","valueRequired":true,"valueName":"search_term_string"}}],"inLanguage":"ru-RU"}]}},"_links":{"self":[{"href":"https:\/\/porandakaitse.ee\/ru\/wp-json\/wp\/v2\/pages\/844","targetHints":{"allow":["GET"]}}],"collection":[{"href":"https:\/\/porandakaitse.ee\/ru\/wp-json\/wp\/v2\/pages"}],"about":[{"href":"https:\/\/porandakaitse.ee\/ru\/wp-json\/wp\/v2\/types\/page"}],"author":[{"embeddable":true,"href":"https:\/\/porandakaitse.ee\/ru\/wp-json\/wp\/v2\/users\/1"}],"replies":[{"embeddable":true,"href":"https:\/\/porandakaitse.ee\/ru\/wp-json\/wp\/v2\/comments?post=844"}],"version-history":[{"count":5,"href":"https:\/\/porandakaitse.ee\/ru\/wp-json\/wp\/v2\/pages\/844\/revisions"}],"predecessor-version":[{"id":1317,"href":"https:\/\/porandakaitse.ee\/ru\/wp-json\/wp\/v2\/pages\/844\/revisions\/1317"}],"wp:attachment":[{"href":"https:\/\/porandakaitse.ee\/ru\/wp-json\/wp\/v2\/media?parent=844"}],"curies":[{"name":"wp","href":"https:\/\/api.w.org\/{rel}","templated":true}]}}