{"id":550,"date":"2015-04-06T11:00:00","date_gmt":"2015-04-06T11:00:00","guid":{"rendered":"https:\/\/porandakaitse.ee\/galerii-ja-videod-2\/"},"modified":"2021-07-14T13:48:40","modified_gmt":"2021-07-14T13:48:40","slug":"%d0%b3%d0%b0%d0%bb%d0%b5%d1%80%d0%b5%d1%8f","status":"publish","type":"page","link":"https:\/\/porandakaitse.ee\/ru\/%d0%b3%d0%b0%d0%bb%d0%b5%d1%80%d0%b5%d1%8f\/","title":{"rendered":"\u0413\u0430\u043b\u0435\u0440\u0435\u044f"},"content":{"rendered":"<h3>Dr. Schutz Group \u0413\u0430\u043b\u0435\u0440\u0435\u044f<\/h3>\nngg_shortcode_0_placeholder\n<h3>\u0413\u0430\u043b\u0435\u0440\u0435\u044f<\/h3>\nngg_shortcode_1_placeholder\n<h3>\u0412\u0438\u0434\u0435\u043e<\/h3>\n<div class=\"wpcmsdev-columns\">\n<div class=\"column column-width-one-half\">\n<p><iframe loading=\"lazy\" title=\"PU Anticolor: Floor sealing and protection against hair dyes and colored disinfectants\" width=\"521\" height=\"293\" src=\"https:\/\/www.youtube.com\/embed\/eVqQh38F-58?feature=oembed\" frameborder=\"0\" allow=\"accelerometer; autoplay; clipboard-write; encrypted-media; gyroscope; picture-in-picture\" allowfullscreen><\/iframe><\/p>\n<p>AntiColor<\/p>\n<\/div>\n<div class=\"column column-width-one-half\">\n<p><iframe loading=\"lazy\" title=\"PU Sealer floor coating, floor protection and floor sealing by Dr. Schutz\" width=\"521\" height=\"293\" src=\"https:\/\/www.youtube.com\/embed\/SZ2mV51nsRs?feature=oembed\" frameborder=\"0\" allow=\"accelerometer; autoplay; clipboard-write; encrypted-media; gyroscope; picture-in-picture\" allowfullscreen><\/iframe><\/p>\n<p>PU Sealer<\/p>\n<\/div>\n<\/div>\n<div class=\"sfsi_plus_widget\"><div id=\"sfsi_plus_wDiv\"><\/div><div class=\"sfsiplus_norm_row sfsi_plus_wDiv\"  style=\"width:200px;position:absolute;;text-align:right\"><div style='width:35px; height:auto;margin-left:5px;margin-bottom:5px;' class='sfsi_plus_wicons shuffeldiv1 '><div class='sfsiplus_inerCnt'><a class='sficn1' data-effect='fade_in' target='_blank'  href='http:\/\/'  style='width:35px; height:35px;opacity:0.6;' ><img alt='Facebook' title='Facebook' src='https:\/\/porandakaitse.ee\/wp-content\/plugins\/ultimate-social-media-plus\/images\/icons_theme\/thin\/thin_fb.png' width='35' height='35' style='' class='sfcm sfsi_wicon sfsiplusid_round_icon_facebook' data-effect='fade_in'  \/><\/a><div class=\"sfsi_plus_tool_tip_2 sfsi_plus_fb_tool_bdr sfsi_plus_Tlleft sfsiplusid_facebook\" style=\"display:block;width:62px;opacity:0;z-index:-1;\"><span class=\"bot_arow bot_fb_arow\"><\/span><div class=\"sfsi_plus_inside\"><div  class='icon2'><div class=\"fb-like\" data-width=\"180\" data-show-faces=\"false\" data-href=\"https%3A%2F%2Fporandakaitse.ee%2Fru%2Fwp-json%2Fwp%2Fv2%2Fpages%2F550%2F\" data-layout=\"button\" data-action=\"like\" data-share=\"false\" ><\/div><\/div><div  class='icon3'><a target='_blank' href='https:\/\/www.facebook.com\/sharer\/sharer.php?u=https%3A%2F%2Fporandakaitse.ee%2Fru%2Fwp-json%2Fwp%2Fv2%2Fpages%2F550%2F' style='display:inline-block;'> <img class='sfsi_wicon'  data-pin-nopin='true' width='auto' height='auto' alt='fb-share-icon' title='Facebook Share' src='https:\/\/porandakaitse.ee\/wp-content\/plugins\/ultimate-social-media-plus\/images\/share_icons\/fb_icons\/en_US.svg''  \/><\/a><\/div><\/div><\/div><\/div><\/div><div style='width:35px; height:auto;margin-left:5px;margin-bottom:5px;' class='sfsi_plus_wicons shuffeldiv1 '><div class='sfsiplus_inerCnt'><a class='sficn1' data-effect='fade_in'   href='javascript:void(0);'  style='width:35px; height:35px;opacity:0.6;' ><img alt='Twitter' title='Twitter' src='https:\/\/porandakaitse.ee\/wp-content\/plugins\/ultimate-social-media-plus\/images\/icons_theme\/thin\/thin_twitter.png' width='35' height='35' style='' class='sfcm sfsi_wicon sfsiplusid_round_icon_twitter' data-effect='fade_in'  \/><\/a><div class=\"sfsi_plus_tool_tip_2 sfsi_plus_twt_tool_bdr sfsi_plus_Tlleft sfsiplusid_twitter\" style=\"display:block;width:59px;opacity:0;z-index:-1;\"><span class=\"bot_arow bot_twt_arow\"><\/span><div class=\"sfsi_plus_inside\"><div  class='icon2'><div class='sf_twiter' style='display: inline-block;vertical-align: middle;width: auto;'>\n\t\t\t\t\t\t<a target='_blank' href='https:\/\/x.com\/intent\/post?text=Tere%2C+vaata+asjalikku+lehte%3A+www.dr-schutz.ee https:\/\/porandakaitse.ee\/ru\/wp-json\/wp\/v2\/pages\/550\/'style='display:inline-block' >\n\t\t\t\t\t\t\t<img nopin=nopin width='auto' class='sfsi_plus_wicon' src='https:\/\/porandakaitse.ee\/wp-content\/plugins\/ultimate-social-media-plus\/images\/share_icons\/Twitter_Tweet\/en_US_Tweet.svg' alt='Tweet' title='Tweet' >\n\t\t\t\t\t\t<\/a>\n\t\t\t\t\t<\/div><\/div><\/div><\/div><\/div><\/div><\/div ><div id=\"sfsi_holder\" class=\"sfsi_plus_holders\" style=\"position: relative; float: left;width:100%;z-index:-1;\"><\/div ><script><\/script><div style=\"clear: both;\"><\/div><\/div>\n","protected":false},"excerpt":{"rendered":"<p>Dr. Schutz Group \u0413\u0430\u043b\u0435\u0440\u0435\u044f \u0413\u0430\u043b\u0435\u0440\u0435\u044f \u0412\u0438\u0434\u0435\u043e<\/p>\n<p class=\"continue-reading-button\"> <a class=\"continue-reading-link\" href=\"https:\/\/porandakaitse.ee\/ru\/%d0%b3%d0%b0%d0%bb%d0%b5%d1%80%d0%b5%d1%8f\/\">Continue reading<i class=\"crycon-right-dir\"><\/i><\/a><\/p>\n","protected":false},"author":1,"featured_media":0,"parent":0,"menu_order":0,"comment_status":"closed","ping_status":"closed","template":"","meta":{"sfsi_plus_gutenberg_text_before_share":"","sfsi_plus_gutenberg_show_text_before_share":"","sfsi_plus_gutenberg_icon_type":"","sfsi_plus_gutenberg_icon_alignemt":"","sfsi_plus_gutenburg_max_per_row":"","ngg_post_thumbnail":0,"footnotes":""},"class_list":["post-550","page","type-page","status-publish","hentry"],"yoast_head":"<!-- This site is optimized with the Yoast SEO plugin v25.0 - https:\/\/yoast.com\/wordpress\/plugins\/seo\/ -->\n<title>\u0413\u0430\u043b\u0435\u0440\u0435\u044f - P\u00f5randakaitse<\/title>\n<meta name=\"description\" content=\"Siin on v\u00f5imalus tutvuda meie referentsidega, disainiv\u00f5imalustega ja videodega.\" \/>\n<meta name=\"robots\" content=\"index, follow, max-snippet:-1, max-image-preview:large, max-video-preview:-1\" \/>\n<link rel=\"canonical\" href=\"https:\/\/porandakaitse.ee\/ru\/\u0433\u0430\u043b\u0435\u0440\u0435\u044f\/\" \/>\n<meta property=\"og:locale\" content=\"ru_RU\" \/>\n<meta property=\"og:type\" content=\"article\" \/>\n<meta property=\"og:title\" content=\"\u0413\u0430\u043b\u0435\u0440\u0435\u044f - P\u00f5randakaitse\" \/>\n<meta property=\"og:description\" content=\"Siin on v\u00f5imalus tutvuda meie referentsidega, disainiv\u00f5imalustega ja videodega.\" \/>\n<meta property=\"og:url\" content=\"https:\/\/porandakaitse.ee\/ru\/\u0433\u0430\u043b\u0435\u0440\u0435\u044f\/\" \/>\n<meta property=\"og:site_name\" content=\"P\u00f5randakaitse\" \/>\n<meta property=\"article:modified_time\" content=\"2021-07-14T13:48:40+00:00\" \/>\n<meta name=\"twitter:card\" content=\"summary_large_image\" \/>\n<meta name=\"twitter:label1\" content=\"\u041f\u0440\u0438\u043c\u0435\u0440\u043d\u043e\u0435 \u0432\u0440\u0435\u043c\u044f \u0434\u043b\u044f \u0447\u0442\u0435\u043d\u0438\u044f\" \/>\n\t<meta name=\"twitter:data1\" content=\"1 \u043c\u0438\u043d\u0443\u0442\u0430\" \/>\n<script type=\"application\/ld+json\" class=\"yoast-schema-graph\">{\"@context\":\"https:\/\/schema.org\",\"@graph\":[{\"@type\":\"WebPage\",\"@id\":\"https:\/\/porandakaitse.ee\/ru\/%d0%b3%d0%b0%d0%bb%d0%b5%d1%80%d0%b5%d1%8f\/\",\"url\":\"https:\/\/porandakaitse.ee\/ru\/%d0%b3%d0%b0%d0%bb%d0%b5%d1%80%d0%b5%d1%8f\/\",\"name\":\"\u0413\u0430\u043b\u0435\u0440\u0435\u044f - P\u00f5randakaitse\",\"isPartOf\":{\"@id\":\"https:\/\/porandakaitse.ee\/#website\"},\"datePublished\":\"2015-04-06T11:00:00+00:00\",\"dateModified\":\"2021-07-14T13:48:40+00:00\",\"description\":\"Siin on v\u00f5imalus tutvuda meie referentsidega, disainiv\u00f5imalustega ja videodega.\",\"breadcrumb\":{\"@id\":\"https:\/\/porandakaitse.ee\/ru\/%d0%b3%d0%b0%d0%bb%d0%b5%d1%80%d0%b5%d1%8f\/#breadcrumb\"},\"inLanguage\":\"ru-RU\",\"potentialAction\":[{\"@type\":\"ReadAction\",\"target\":[\"https:\/\/porandakaitse.ee\/ru\/%d0%b3%d0%b0%d0%bb%d0%b5%d1%80%d0%b5%d1%8f\/\"]}]},{\"@type\":\"BreadcrumbList\",\"@id\":\"https:\/\/porandakaitse.ee\/ru\/%d0%b3%d0%b0%d0%bb%d0%b5%d1%80%d0%b5%d1%8f\/#breadcrumb\",\"itemListElement\":[{\"@type\":\"ListItem\",\"position\":1,\"name\":\"Home\",\"item\":\"https:\/\/porandakaitse.ee\/ru\/\"},{\"@type\":\"ListItem\",\"position\":2,\"name\":\"\u0413\u0430\u043b\u0435\u0440\u0435\u044f\"}]},{\"@type\":\"WebSite\",\"@id\":\"https:\/\/porandakaitse.ee\/#website\",\"url\":\"https:\/\/porandakaitse.ee\/\",\"name\":\"P\u00f5randakaitse\",\"description\":\"\",\"potentialAction\":[{\"@type\":\"SearchAction\",\"target\":{\"@type\":\"EntryPoint\",\"urlTemplate\":\"https:\/\/porandakaitse.ee\/?s={search_term_string}\"},\"query-input\":{\"@type\":\"PropertyValueSpecification\",\"valueRequired\":true,\"valueName\":\"search_term_string\"}}],\"inLanguage\":\"ru-RU\"}]}<\/script>\n<!-- \/ Yoast SEO plugin. -->","yoast_head_json":{"title":"\u0413\u0430\u043b\u0435\u0440\u0435\u044f - P\u00f5randakaitse","description":"Siin on v\u00f5imalus tutvuda meie referentsidega, disainiv\u00f5imalustega ja videodega.","robots":{"index":"index","follow":"follow","max-snippet":"max-snippet:-1","max-image-preview":"max-image-preview:large","max-video-preview":"max-video-preview:-1"},"canonical":"https:\/\/porandakaitse.ee\/ru\/\u0433\u0430\u043b\u0435\u0440\u0435\u044f\/","og_locale":"ru_RU","og_type":"article","og_title":"\u0413\u0430\u043b\u0435\u0440\u0435\u044f - P\u00f5randakaitse","og_description":"Siin on v\u00f5imalus tutvuda meie referentsidega, disainiv\u00f5imalustega ja videodega.","og_url":"https:\/\/porandakaitse.ee\/ru\/\u0433\u0430\u043b\u0435\u0440\u0435\u044f\/","og_site_name":"P\u00f5randakaitse","article_modified_time":"2021-07-14T13:48:40+00:00","twitter_card":"summary_large_image","twitter_misc":{"\u041f\u0440\u0438\u043c\u0435\u0440\u043d\u043e\u0435 \u0432\u0440\u0435\u043c\u044f \u0434\u043b\u044f \u0447\u0442\u0435\u043d\u0438\u044f":"1 \u043c\u0438\u043d\u0443\u0442\u0430"},"schema":{"@context":"https:\/\/schema.org","@graph":[{"@type":"WebPage","@id":"https:\/\/porandakaitse.ee\/ru\/%d0%b3%d0%b0%d0%bb%d0%b5%d1%80%d0%b5%d1%8f\/","url":"https:\/\/porandakaitse.ee\/ru\/%d0%b3%d0%b0%d0%bb%d0%b5%d1%80%d0%b5%d1%8f\/","name":"\u0413\u0430\u043b\u0435\u0440\u0435\u044f - P\u00f5randakaitse","isPartOf":{"@id":"https:\/\/porandakaitse.ee\/#website"},"datePublished":"2015-04-06T11:00:00+00:00","dateModified":"2021-07-14T13:48:40+00:00","description":"Siin on v\u00f5imalus tutvuda meie referentsidega, disainiv\u00f5imalustega ja videodega.","breadcrumb":{"@id":"https:\/\/porandakaitse.ee\/ru\/%d0%b3%d0%b0%d0%bb%d0%b5%d1%80%d0%b5%d1%8f\/#breadcrumb"},"inLanguage":"ru-RU","potentialAction":[{"@type":"ReadAction","target":["https:\/\/porandakaitse.ee\/ru\/%d0%b3%d0%b0%d0%bb%d0%b5%d1%80%d0%b5%d1%8f\/"]}]},{"@type":"BreadcrumbList","@id":"https:\/\/porandakaitse.ee\/ru\/%d0%b3%d0%b0%d0%bb%d0%b5%d1%80%d0%b5%d1%8f\/#breadcrumb","itemListElement":[{"@type":"ListItem","position":1,"name":"Home","item":"https:\/\/porandakaitse.ee\/ru\/"},{"@type":"ListItem","position":2,"name":"\u0413\u0430\u043b\u0435\u0440\u0435\u044f"}]},{"@type":"WebSite","@id":"https:\/\/porandakaitse.ee\/#website","url":"https:\/\/porandakaitse.ee\/","name":"P\u00f5randakaitse","description":"","potentialAction":[{"@type":"SearchAction","target":{"@type":"EntryPoint","urlTemplate":"https:\/\/porandakaitse.ee\/?s={search_term_string}"},"query-input":{"@type":"PropertyValueSpecification","valueRequired":true,"valueName":"search_term_string"}}],"inLanguage":"ru-RU"}]}},"_links":{"self":[{"href":"https:\/\/porandakaitse.ee\/ru\/wp-json\/wp\/v2\/pages\/550","targetHints":{"allow":["GET"]}}],"collection":[{"href":"https:\/\/porandakaitse.ee\/ru\/wp-json\/wp\/v2\/pages"}],"about":[{"href":"https:\/\/porandakaitse.ee\/ru\/wp-json\/wp\/v2\/types\/page"}],"author":[{"embeddable":true,"href":"https:\/\/porandakaitse.ee\/ru\/wp-json\/wp\/v2\/users\/1"}],"replies":[{"embeddable":true,"href":"https:\/\/porandakaitse.ee\/ru\/wp-json\/wp\/v2\/comments?post=550"}],"version-history":[{"count":5,"href":"https:\/\/porandakaitse.ee\/ru\/wp-json\/wp\/v2\/pages\/550\/revisions"}],"predecessor-version":[{"id":551,"href":"https:\/\/porandakaitse.ee\/ru\/wp-json\/wp\/v2\/pages\/550\/revisions\/551"}],"wp:attachment":[{"href":"https:\/\/porandakaitse.ee\/ru\/wp-json\/wp\/v2\/media?parent=550"}],"curies":[{"name":"wp","href":"https:\/\/api.w.org\/{rel}","templated":true}]}}